{"id":9271,"date":"2025-03-21T14:46:50","date_gmt":"2025-03-21T14:46:50","guid":{"rendered":"https:\/\/systemefrappe.com\/?page_id=9271"},"modified":"2025-08-19T09:18:49","modified_gmt":"2025-08-19T14:18:49","slug":"frais","status":"publish","type":"page","link":"https:\/\/systemefrappe.com\/fr\/frais\/","title":{"rendered":"Frais"},"content":{"rendered":"\t\t<div data-elementor-type=\"wp-post\" data-elementor-id=\"9271\" class=\"elementor elementor-9271\" data-elementor-post-type=\"page\">\n\t\t\t\t<div class=\"elementor-element elementor-element-5f02ddf e-flex e-con-boxed e-con e-parent\" data-id=\"5f02ddf\" data-element_type=\"container\" data-e-type=\"container\" data-settings=\"{&quot;background_background&quot;:&quot;classic&quot;}\">\n\t\t\t\t\t<div class=\"e-con-inner\">\n\t\t<div class=\"elementor-element elementor-element-0502d81 e-con-full e-flex e-con e-child\" data-id=\"0502d81\" data-element_type=\"container\" data-e-type=\"container\">\n\t\t\t\t<div class=\"elementor-element elementor-element-03d202b elementor-widget elementor-widget-heading\" data-id=\"03d202b\" data-element_type=\"widget\" data-e-type=\"widget\" data-widget_type=\"heading.default\">\n\t\t\t\t<div class=\"elementor-widget-container\">\n\t\t\t\t\t<h1 class=\"elementor-heading-title elementor-size-default\">Frais de formation\net frais d'acc\u00e8s<\/h1>\t\t\t\t<\/div>\n\t\t\t\t<\/div>\n\t\t\t\t<\/div>\n\t\t\t\t\t<\/div>\n\t\t\t\t<\/div>\n\t\t<div class=\"elementor-element elementor-element-83b3c19 e-flex e-con-boxed e-con e-parent\" data-id=\"83b3c19\" data-element_type=\"container\" data-e-type=\"container\">\n\t\t\t\t\t<div class=\"e-con-inner\">\n\t\t\t\t<div class=\"elementor-element elementor-element-05121e1 elementor-widget elementor-widget-heading\" data-id=\"05121e1\" data-element_type=\"widget\" data-e-type=\"widget\" data-widget_type=\"heading.default\">\n\t\t\t\t<div class=\"elementor-widget-container\">\n\t\t\t\t\t<h2 class=\"elementor-heading-title elementor-size-default\">Frais de formation<\/h2>\t\t\t\t<\/div>\n\t\t\t\t<\/div>\n\t\t\t\t<div class=\"elementor-element elementor-element-50d0f65 eael-pricing-content-align-center eael-pricing-button-align-center elementor-widget elementor-widget-eael-pricing-table\" data-id=\"50d0f65\" data-element_type=\"widget\" data-e-type=\"widget\" data-widget_type=\"eael-pricing-table.default\">\n\t\t\t\t<div class=\"elementor-widget-container\">\n\t\t\t\t\t    <div class=\"eael-pricing style-1 eael-header-devider\">\n                    <div class=\"eael-pricing-item \">\n                <div class=\"header\">\n                    <h2 class=\"title\"><\/h2>\n                <\/div>\n                <div class=\"eael-pricing-tag\">\n                    <span class=\"price-tag\"><span class=\"original-price\"><span class=\"price-currency\"><\/span>$ 175 + tx \/ formation<\/span><\/span><span class=\"price-period\"><\/span>                <\/div>\n                <div class=\"body\">\n                            <ul>\n                            <li class=\"eael-pricing-item-feature elementor-repeater-item-ee3cb2b\">\n                    \n                                <span class=\"li-icon\">\n                            <\/span>\n\n        \n                    <span >inclus formation en ligne (environ 90 minutes) et formation pratique sur le terrain (formation 6 heures, 1 journ\u00e9e)<\/span>\n                    \n                     \n                <\/li>\n                    <\/ul>\n                    <\/div>\n                                <div class=\"footer\">\n                    <a class=\"eael-pricing-button\" href=\"https:\/\/tennis.formationloisirsport.net\/catalog\" target=\"_blank\" rel=\"nofollow\" >\n                                                                                Inscrivez-vous                                            <\/a>\n                <\/div>\n                            <\/div>\n                    <\/div>\n    \t\t\t\t<\/div>\n\t\t\t\t<\/div>\n\t\t\t\t<div class=\"elementor-element elementor-element-23c7730 elementor-widget elementor-widget-heading\" data-id=\"23c7730\" data-element_type=\"widget\" data-e-type=\"widget\" data-widget_type=\"heading.default\">\n\t\t\t\t<div class=\"elementor-widget-container\">\n\t\t\t\t\t<h2 class=\"elementor-heading-title elementor-size-default\">Frais d'acc\u00e8s \u00e0 la plateforme<\/h2>\t\t\t\t<\/div>\n\t\t\t\t<\/div>\n\t\t\t\t<div class=\"elementor-element elementor-element-145b947 eael-pricing-content-align-center eael-pricing-button-align-center elementor-widget elementor-widget-eael-pricing-table\" data-id=\"145b947\" data-element_type=\"widget\" data-e-type=\"widget\" data-widget_type=\"eael-pricing-table.default\">\n\t\t\t\t<div class=\"elementor-widget-container\">\n\t\t\t\t\t    <div class=\"eael-pricing style-1 eael-header-devider\">\n                    <div class=\"eael-pricing-item \">\n                <div class=\"header\">\n                    <h2 class=\"title\"><\/h2>\n                <\/div>\n                <div class=\"eael-pricing-tag\">\n                    <span class=\"price-tag\"><span class=\"original-price\"><span class=\"price-currency\"><\/span>Voir la liste ci-bas <\/span><\/span><span class=\"price-period\"><\/span>                <\/div>\n                <div class=\"body\">\n                            <ul>\n                            <li class=\"eael-pricing-item-feature elementor-repeater-item-e11ed6b disable-item\">\n                    \n                    \n                    <span ><\/span>\n                    \n                     \n                <\/li>\n                    <\/ul>\n                    <\/div>\n                                <div class=\"footer\">\n                    <a class=\"eael-pricing-button\" href=\"https:\/\/systemefrappe.com\/fr\/contact\/\" target=\"_blank\" rel=\"nofollow\" >\n                                                                                Envoyez-nous un courriel                                            <\/a>\n                <\/div>\n                            <\/div>\n                    <\/div>\n    \t\t\t\t<\/div>\n\t\t\t\t<\/div>\n\t\t\t\t<div class=\"elementor-element elementor-element-ad9a741 elementor-widget elementor-widget-shortcode\" data-id=\"ad9a741\" data-element_type=\"widget\" data-e-type=\"widget\" data-widget_type=\"shortcode.default\">\n\t\t\t\t<div class=\"elementor-widget-container\">\n\t\t\t\t\t\t\t<div class=\"elementor-shortcode\">\n<table id=\"tablepress-91\" class=\"tablepress tablepress-id-91\">\n<thead>\n<tr class=\"row-1\">\n\t<th class=\"column-1\">Nb<\/th><th class=\"column-2\">Prix annuel<\/th><th class=\"column-3\">TPS (5%)<\/th><th class=\"column-4\">TVQ (9.975%)<\/th><th class=\"column-5\">Total Taxes<\/th><th class=\"column-6\">Prix Total<\/th>\n<\/tr>\n<\/thead>\n<tbody class=\"row-striping row-hover\">\n<tr class=\"row-2\">\n\t<td class=\"column-1\">1<\/td><td class=\"column-2\">100,00 $<\/td><td class=\"column-3\">5,00 $<\/td><td class=\"column-4\">9,98 $<\/td><td class=\"column-5\">14,98 $<\/td><td class=\"column-6\">114,98 $<\/td>\n<\/tr>\n<tr class=\"row-3\">\n\t<td class=\"column-1\">2<\/td><td class=\"column-2\">200,00 $<\/td><td class=\"column-3\">10,00 $<\/td><td class=\"column-4\">19,95 $<\/td><td class=\"column-5\">29,95 $<\/td><td class=\"column-6\">229,95 $<\/td>\n<\/tr>\n<tr class=\"row-4\">\n\t<td class=\"column-1\">3<\/td><td class=\"column-2\">300,00 $<\/td><td class=\"column-3\">15,00 $<\/td><td class=\"column-4\">29,93 $<\/td><td class=\"column-5\">44,93 $<\/td><td class=\"column-6\">344,93 $<\/td>\n<\/tr>\n<tr class=\"row-5\">\n\t<td class=\"column-1\">4<\/td><td class=\"column-2\">400,00 $<\/td><td class=\"column-3\">20,00 $<\/td><td class=\"column-4\">39,90 $<\/td><td class=\"column-5\">59,90 $<\/td><td class=\"column-6\">459,90 $<\/td>\n<\/tr>\n<tr class=\"row-6\">\n\t<td class=\"column-1\">5<\/td><td class=\"column-2\">500,00 $<\/td><td class=\"column-3\">25,00 $<\/td><td class=\"column-4\">49,88 $<\/td><td class=\"column-5\">74,88 $<\/td><td class=\"column-6\">574,88 $<\/td>\n<\/tr>\n<tr class=\"row-7\">\n\t<td class=\"column-1\">6<\/td><td class=\"column-2\">600,00 $<\/td><td class=\"column-3\">30,00 $<\/td><td class=\"column-4\">59,85 $<\/td><td class=\"column-5\">89,85 $<\/td><td class=\"column-6\">689,85 $<\/td>\n<\/tr>\n<tr class=\"row-8\">\n\t<td class=\"column-1\">7<\/td><td class=\"column-2\">700,00 $<\/td><td class=\"column-3\">35,00 $<\/td><td class=\"column-4\">69,83 $<\/td><td class=\"column-5\">104,83 $<\/td><td class=\"column-6\">804,83 $<\/td>\n<\/tr>\n<tr class=\"row-9\">\n\t<td class=\"column-1\">8<\/td><td class=\"column-2\">800,00 $<\/td><td class=\"column-3\">40,00 $<\/td><td class=\"column-4\">79,80 $<\/td><td class=\"column-5\">119,80 $<\/td><td class=\"column-6\">919,80 $<\/td>\n<\/tr>\n<tr class=\"row-10\">\n\t<td class=\"column-1\">9<\/td><td class=\"column-2\">900,00 $<\/td><td class=\"column-3\">45,00 $<\/td><td class=\"column-4\">89,78 $<\/td><td class=\"column-5\">134,78 $<\/td><td class=\"column-6\">1 034,78 $<\/td>\n<\/tr>\n<tr class=\"row-11\">\n\t<td class=\"column-1\">10<\/td><td class=\"column-2\">980,00 $<\/td><td class=\"column-3\">49,00 $<\/td><td class=\"column-4\">97,76 $<\/td><td class=\"column-5\">146,76 $<\/td><td class=\"column-6\">1 126,76 $<\/td>\n<\/tr>\n<tr class=\"row-12\">\n\t<td class=\"column-1\">11<\/td><td class=\"column-2\">1 060,00 $<\/td><td class=\"column-3\">53,00 $<\/td><td class=\"column-4\">105,74 $<\/td><td class=\"column-5\">158,74 $<\/td><td class=\"column-6\">1 218,74 $<\/td>\n<\/tr>\n<tr class=\"row-13\">\n\t<td class=\"column-1\">12<\/td><td class=\"column-2\">1 140,00 $<\/td><td class=\"column-3\">57,00 $<\/td><td class=\"column-4\">113,72 $<\/td><td class=\"column-5\">170,72 $<\/td><td class=\"column-6\">1 310,72 $<\/td>\n<\/tr>\n<tr class=\"row-14\">\n\t<td class=\"column-1\">13<\/td><td class=\"column-2\">1 220,00 $<\/td><td class=\"column-3\">61,00 $<\/td><td class=\"column-4\">121,70 $<\/td><td class=\"column-5\">182,70 $<\/td><td class=\"column-6\">1 402,70 $<\/td>\n<\/tr>\n<tr class=\"row-15\">\n\t<td class=\"column-1\">14<\/td><td class=\"column-2\">1 300,00 $<\/td><td class=\"column-3\">65,00 $<\/td><td class=\"column-4\">129,68 $<\/td><td class=\"column-5\">194,68 $<\/td><td class=\"column-6\">1 494,68 $<\/td>\n<\/tr>\n<tr class=\"row-16\">\n\t<td class=\"column-1\">15<\/td><td class=\"column-2\">1 370,00 $<\/td><td class=\"column-3\">68,50 $<\/td><td class=\"column-4\">136,66 $<\/td><td class=\"column-5\">205,16 $<\/td><td class=\"column-6\">1 575,16 $<\/td>\n<\/tr>\n<tr class=\"row-17\">\n\t<td class=\"column-1\">16<\/td><td class=\"column-2\">1 440,00 $<\/td><td class=\"column-3\">72,00 $<\/td><td class=\"column-4\">143,64 $<\/td><td class=\"column-5\">215,64 $<\/td><td class=\"column-6\">1 655,64 $<\/td>\n<\/tr>\n<tr class=\"row-18\">\n\t<td class=\"column-1\">17<\/td><td class=\"column-2\">1 510,00 $<\/td><td class=\"column-3\">75,50 $<\/td><td class=\"column-4\">150,62 $<\/td><td class=\"column-5\">226,12 $<\/td><td class=\"column-6\">1 736,12 $<\/td>\n<\/tr>\n<tr class=\"row-19\">\n\t<td class=\"column-1\">18<\/td><td class=\"column-2\">1 580,00 $<\/td><td class=\"column-3\">79,00 $<\/td><td class=\"column-4\">157,61 $<\/td><td class=\"column-5\">236,61 $<\/td><td class=\"column-6\">1 816,61 $<\/td>\n<\/tr>\n<tr class=\"row-20\">\n\t<td class=\"column-1\">19<\/td><td class=\"column-2\">1 650,00 $<\/td><td class=\"column-3\">82,50 $<\/td><td class=\"column-4\">164,59 $<\/td><td class=\"column-5\">247,09 $<\/td><td class=\"column-6\">1 897,09 $<\/td>\n<\/tr>\n<tr class=\"row-21\">\n\t<td class=\"column-1\">20<\/td><td class=\"column-2\">1 720,00 $<\/td><td class=\"column-3\">86,00 $<\/td><td class=\"column-4\">171,57 $<\/td><td class=\"column-5\">257,57 $<\/td><td class=\"column-6\">1 977,57 $<\/td>\n<\/tr>\n<tr class=\"row-22\">\n\t<td class=\"column-1\">21<\/td><td class=\"column-2\">1 790,00 $<\/td><td class=\"column-3\">89,50 $<\/td><td class=\"column-4\">178,55 $<\/td><td class=\"column-5\">268,05 $<\/td><td class=\"column-6\">2 058,05 $<\/td>\n<\/tr>\n<tr class=\"row-23\">\n\t<td class=\"column-1\">22<\/td><td class=\"column-2\">1 860,00 $<\/td><td class=\"column-3\">93,00 $<\/td><td class=\"column-4\">185,54 $<\/td><td class=\"column-5\">278,54 $<\/td><td class=\"column-6\">2 138,54 $<\/td>\n<\/tr>\n<tr class=\"row-24\">\n\t<td class=\"column-1\">23<\/td><td class=\"column-2\">1 930,00 $<\/td><td class=\"column-3\">96,50 $<\/td><td class=\"column-4\">192,52 $<\/td><td class=\"column-5\">289,02 $<\/td><td class=\"column-6\">2 219,02 $<\/td>\n<\/tr>\n<tr class=\"row-25\">\n\t<td class=\"column-1\">24<\/td><td class=\"column-2\">2 000,00 $<\/td><td class=\"column-3\">100,00 $<\/td><td class=\"column-4\">199,50 $<\/td><td class=\"column-5\">299,50 $<\/td><td class=\"column-6\">2 299,50 $<\/td>\n<\/tr>\n<\/tbody>\n<\/table>\n<\/div>\n\t\t\t\t\t\t<\/div>\n\t\t\t\t<\/div>\n\t\t\t\t\t<\/div>\n\t\t\t\t<\/div>\n\t\t\t\t<\/div>\n\t\t","protected":false},"excerpt":{"rendered":"<p>Frais de formation et frais d&rsquo;acc\u00e8s Frais de formation $ 175 + tx \/ formation inclus formation en ligne (environ 90 minutes) et formation pratique sur le terrain (formation 6 heures, 1 journ\u00e9e) Inscrivez-vous Frais d&rsquo;acc\u00e8s \u00e0 la plateforme Voir la liste ci-bas Envoyez-nous un courriel<\/p>\n","protected":false},"author":1,"featured_media":0,"parent":0,"menu_order":0,"comment_status":"closed","ping_status":"closed","template":"","meta":{"site-sidebar-layout":"no-sidebar","site-content-layout":"page-builder","ast-site-content-layout":"full-width-container","site-content-style":"unboxed","site-sidebar-style":"unboxed","ast-global-header-display":"","ast-banner-title-visibility":"","ast-main-header-display":"","ast-hfb-above-header-display":"","ast-hfb-below-header-display":"","ast-hfb-mobile-header-display":"","site-post-title":"disabled","ast-breadcrumbs-content":"","ast-featured-img":"disabled","footer-sml-layout":"","ast-disable-related-posts":"","theme-transparent-header-meta":"enabled","adv-header-id-meta":"","stick-header-meta":"","header-above-stick-meta":"","header-main-stick-meta":"","header-below-stick-meta":"","astra-migrate-meta-layouts":"default","ast-page-background-enabled":"default","ast-page-background-meta":{"desktop":{"background-color":"","background-image":"","background-repeat":"repeat","background-position":"center center","background-size":"auto","background-attachment":"scroll","background-type":"","background-media":"","overlay-type":"","overlay-color":"","overlay-opacity":"","overlay-gradient":""},"tablet":{"background-color":"","background-image":"","background-repeat":"repeat","background-position":"center center","background-size":"auto","background-attachment":"scroll","background-type":"","background-media":"","overlay-type":"","overlay-color":"","overlay-opacity":"","overlay-gradient":""},"mobile":{"background-color":"","background-image":"","background-repeat":"repeat","background-position":"center center","background-size":"auto","background-attachment":"scroll","background-type":"","background-media":"","overlay-type":"","overlay-color":"","overlay-opacity":"","overlay-gradient":""}},"ast-content-background-meta":{"desktop":{"background-color":"var(--ast-global-color-5)","background-image":"","background-repeat":"repeat","background-position":"center center","background-size":"auto","background-attachment":"scroll","background-type":"","background-media":"","overlay-type":"","overlay-color":"","overlay-opacity":"","overlay-gradient":""},"tablet":{"background-color":"var(--ast-global-color-5)","background-image":"","background-repeat":"repeat","background-position":"center center","background-size":"auto","background-attachment":"scroll","background-type":"","background-media":"","overlay-type":"","overlay-color":"","overlay-opacity":"","overlay-gradient":""},"mobile":{"background-color":"var(--ast-global-color-5)","background-image":"","background-repeat":"repeat","background-position":"center center","background-size":"auto","background-attachment":"scroll","background-type":"","background-media":"","overlay-type":"","overlay-color":"","overlay-opacity":"","overlay-gradient":""}},"footnotes":""},"class_list":["post-9271","page","type-page","status-publish","hentry"],"yoast_head":"<!-- This site is optimized with the Yoast SEO plugin v27.4 - https:\/\/yoast.com\/product\/yoast-seo-wordpress\/ -->\n<title>Frais - Frappe<\/title>\n<meta name=\"robots\" content=\"index, follow, max-snippet:-1, max-image-preview:large, max-video-preview:-1\" \/>\n<link rel=\"canonical\" href=\"https:\/\/systemefrappe.com\/fr\/frais\/\" \/>\n<meta property=\"og:locale\" content=\"fr_FR\" \/>\n<meta property=\"og:type\" content=\"article\" \/>\n<meta property=\"og:title\" content=\"Frais - Frappe\" \/>\n<meta property=\"og:description\" content=\"Frais de formation et frais d&rsquo;acc\u00e8s Frais de formation $ 175 + tx \/ formation inclus formation en ligne (environ 90 minutes) et formation pratique sur le terrain (formation 6 heures, 1 journ\u00e9e) Inscrivez-vous Frais d&rsquo;acc\u00e8s \u00e0 la plateforme Voir la liste ci-bas Envoyez-nous un courriel\" \/>\n<meta property=\"og:url\" content=\"https:\/\/systemefrappe.com\/fr\/frais\/\" \/>\n<meta property=\"og:site_name\" content=\"Frappe\" \/>\n<meta property=\"article:modified_time\" content=\"2025-08-19T14:18:49+00:00\" \/>\n<meta name=\"twitter:card\" content=\"summary_large_image\" \/>\n<meta name=\"twitter:label1\" content=\"Dur\u00e9e de lecture estim\u00e9e\" \/>\n\t<meta name=\"twitter:data1\" content=\"1 minute\" \/>\n<script type=\"application\/ld+json\" class=\"yoast-schema-graph\">{\"@context\":\"https:\\\/\\\/schema.org\",\"@graph\":[{\"@type\":\"WebPage\",\"@id\":\"https:\\\/\\\/systemefrappe.com\\\/fr\\\/frais\\\/\",\"url\":\"https:\\\/\\\/systemefrappe.com\\\/fr\\\/frais\\\/\",\"name\":\"Frais - Frappe\",\"isPartOf\":{\"@id\":\"https:\\\/\\\/aumwkyhc.elementor.cloud\\\/#website\"},\"datePublished\":\"2025-03-21T14:46:50+00:00\",\"dateModified\":\"2025-08-19T14:18:49+00:00\",\"breadcrumb\":{\"@id\":\"https:\\\/\\\/systemefrappe.com\\\/fr\\\/frais\\\/#breadcrumb\"},\"inLanguage\":\"fr-FR\",\"potentialAction\":[{\"@type\":\"ReadAction\",\"target\":[\"https:\\\/\\\/systemefrappe.com\\\/fr\\\/frais\\\/\"]}]},{\"@type\":\"BreadcrumbList\",\"@id\":\"https:\\\/\\\/systemefrappe.com\\\/fr\\\/frais\\\/#breadcrumb\",\"itemListElement\":[{\"@type\":\"ListItem\",\"position\":1,\"name\":\"Home\",\"item\":\"https:\\\/\\\/systemefrappe.com\\\/fr\\\/\"},{\"@type\":\"ListItem\",\"position\":2,\"name\":\"Frais\"}]},{\"@type\":\"WebSite\",\"@id\":\"https:\\\/\\\/aumwkyhc.elementor.cloud\\\/#website\",\"url\":\"https:\\\/\\\/aumwkyhc.elementor.cloud\\\/\",\"name\":\"Systeme Frappe\",\"description\":\"\",\"publisher\":{\"@id\":\"https:\\\/\\\/aumwkyhc.elementor.cloud\\\/#organization\"},\"potentialAction\":[{\"@type\":\"SearchAction\",\"target\":{\"@type\":\"EntryPoint\",\"urlTemplate\":\"https:\\\/\\\/aumwkyhc.elementor.cloud\\\/?s={search_term_string}\"},\"query-input\":{\"@type\":\"PropertyValueSpecification\",\"valueRequired\":true,\"valueName\":\"search_term_string\"}}],\"inLanguage\":\"fr-FR\"},{\"@type\":\"Organization\",\"@id\":\"https:\\\/\\\/aumwkyhc.elementor.cloud\\\/#organization\",\"name\":\"Systeme Frappe\",\"url\":\"https:\\\/\\\/aumwkyhc.elementor.cloud\\\/\",\"logo\":{\"@type\":\"ImageObject\",\"inLanguage\":\"fr-FR\",\"@id\":\"https:\\\/\\\/aumwkyhc.elementor.cloud\\\/#\\\/schema\\\/logo\\\/image\\\/\",\"url\":\"https:\\\/\\\/systemefrappe.com\\\/wp-content\\\/uploads\\\/2024\\\/10\\\/cropped-logo250.png\",\"contentUrl\":\"https:\\\/\\\/systemefrappe.com\\\/wp-content\\\/uploads\\\/2024\\\/10\\\/cropped-logo250.png\",\"width\":250,\"height\":84,\"caption\":\"Systeme Frappe\"},\"image\":{\"@id\":\"https:\\\/\\\/aumwkyhc.elementor.cloud\\\/#\\\/schema\\\/logo\\\/image\\\/\"}}]}<\/script>\n<!-- \/ Yoast SEO plugin. -->","yoast_head_json":{"title":"Frais - Frappe","robots":{"index":"index","follow":"follow","max-snippet":"max-snippet:-1","max-image-preview":"max-image-preview:large","max-video-preview":"max-video-preview:-1"},"canonical":"https:\/\/systemefrappe.com\/fr\/frais\/","og_locale":"fr_FR","og_type":"article","og_title":"Frais - Frappe","og_description":"Frais de formation et frais d&rsquo;acc\u00e8s Frais de formation $ 175 + tx \/ formation inclus formation en ligne (environ 90 minutes) et formation pratique sur le terrain (formation 6 heures, 1 journ\u00e9e) Inscrivez-vous Frais d&rsquo;acc\u00e8s \u00e0 la plateforme Voir la liste ci-bas Envoyez-nous un courriel","og_url":"https:\/\/systemefrappe.com\/fr\/frais\/","og_site_name":"Frappe","article_modified_time":"2025-08-19T14:18:49+00:00","twitter_card":"summary_large_image","twitter_misc":{"Dur\u00e9e de lecture estim\u00e9e":"1 minute"},"schema":{"@context":"https:\/\/schema.org","@graph":[{"@type":"WebPage","@id":"https:\/\/systemefrappe.com\/fr\/frais\/","url":"https:\/\/systemefrappe.com\/fr\/frais\/","name":"Frais - Frappe","isPartOf":{"@id":"https:\/\/aumwkyhc.elementor.cloud\/#website"},"datePublished":"2025-03-21T14:46:50+00:00","dateModified":"2025-08-19T14:18:49+00:00","breadcrumb":{"@id":"https:\/\/systemefrappe.com\/fr\/frais\/#breadcrumb"},"inLanguage":"fr-FR","potentialAction":[{"@type":"ReadAction","target":["https:\/\/systemefrappe.com\/fr\/frais\/"]}]},{"@type":"BreadcrumbList","@id":"https:\/\/systemefrappe.com\/fr\/frais\/#breadcrumb","itemListElement":[{"@type":"ListItem","position":1,"name":"Home","item":"https:\/\/systemefrappe.com\/fr\/"},{"@type":"ListItem","position":2,"name":"Frais"}]},{"@type":"WebSite","@id":"https:\/\/aumwkyhc.elementor.cloud\/#website","url":"https:\/\/aumwkyhc.elementor.cloud\/","name":"Systeme Frappe","description":"","publisher":{"@id":"https:\/\/aumwkyhc.elementor.cloud\/#organization"},"potentialAction":[{"@type":"SearchAction","target":{"@type":"EntryPoint","urlTemplate":"https:\/\/aumwkyhc.elementor.cloud\/?s={search_term_string}"},"query-input":{"@type":"PropertyValueSpecification","valueRequired":true,"valueName":"search_term_string"}}],"inLanguage":"fr-FR"},{"@type":"Organization","@id":"https:\/\/aumwkyhc.elementor.cloud\/#organization","name":"Systeme Frappe","url":"https:\/\/aumwkyhc.elementor.cloud\/","logo":{"@type":"ImageObject","inLanguage":"fr-FR","@id":"https:\/\/aumwkyhc.elementor.cloud\/#\/schema\/logo\/image\/","url":"https:\/\/systemefrappe.com\/wp-content\/uploads\/2024\/10\/cropped-logo250.png","contentUrl":"https:\/\/systemefrappe.com\/wp-content\/uploads\/2024\/10\/cropped-logo250.png","width":250,"height":84,"caption":"Systeme Frappe"},"image":{"@id":"https:\/\/aumwkyhc.elementor.cloud\/#\/schema\/logo\/image\/"}}]}},"_links":{"self":[{"href":"https:\/\/systemefrappe.com\/fr\/wp-json\/wp\/v2\/pages\/9271","targetHints":{"allow":["GET"]}}],"collection":[{"href":"https:\/\/systemefrappe.com\/fr\/wp-json\/wp\/v2\/pages"}],"about":[{"href":"https:\/\/systemefrappe.com\/fr\/wp-json\/wp\/v2\/types\/page"}],"author":[{"embeddable":true,"href":"https:\/\/systemefrappe.com\/fr\/wp-json\/wp\/v2\/users\/1"}],"replies":[{"embeddable":true,"href":"https:\/\/systemefrappe.com\/fr\/wp-json\/wp\/v2\/comments?post=9271"}],"version-history":[{"count":25,"href":"https:\/\/systemefrappe.com\/fr\/wp-json\/wp\/v2\/pages\/9271\/revisions"}],"predecessor-version":[{"id":13753,"href":"https:\/\/systemefrappe.com\/fr\/wp-json\/wp\/v2\/pages\/9271\/revisions\/13753"}],"wp:attachment":[{"href":"https:\/\/systemefrappe.com\/fr\/wp-json\/wp\/v2\/media?parent=9271"}],"curies":[{"name":"wp","href":"https:\/\/api.w.org\/{rel}","templated":true}]}}